{"id":27,"date":"2026-01-21T13:32:55","date_gmt":"2026-01-21T13:32:55","guid":{"rendered":"https:\/\/najlepsezelje.com\/kvalitet-bez-kompromisa\/?page_id=27"},"modified":"2026-01-22T16:28:25","modified_gmt":"2026-01-22T16:28:25","slug":"mehanizam","status":"publish","type":"page","link":"https:\/\/najlepsezelje.com\/kvalitet-bez-kompromisa\/mehanizam\/","title":{"rendered":"Mehanizam"},"content":{"rendered":"\n<header class=\"navigation \" role=\"navigation\">\n\n<!--  <span class=\"bg\"><\/span>-->\n  <div class=\"nav-bar c\">\n\n  <div class=\"nav-bar__left\">\n    <a href=\"https:\/\/najlepsezelje.com\/kvalitet-bez-kompromisa\" aria-label=\"Home\" data-home=\"true\" class=\"logo js-close-menu\">\n      <img decoding=\"async\" src=\"https:\/\/najlepsezelje.com\/kvalitet-bez-kompromisa\/wp-content\/themes\/nz-aktivacija\/static\/images\/logo.webp\" loading=\"eager\" alt=\"Logo\" width=\"1\" height=\"1\">\n    <\/a>\n  <\/div>\n\n  <div class=\"nav-bar__right\">\n        <nav class=\"\" >\n      <ul>\n        \n<li>\n\n      <a href=\"https:\/\/najlepsezelje.com\/kvalitet-bez-kompromisa\/\"\n       class=\"link\"              aria-label=\"U\u010destvuj\">U\u010destvuj<\/a>\n  \n  \n<\/li>\n<li>\n\n      <a href=\"https:\/\/najlepsezelje.com\/kvalitet-bez-kompromisa\/mehanizam\/\"\n       class=\"link\"              aria-label=\"Mehanizam\">Mehanizam<\/a>\n  \n  \n<\/li>\n<li>\n\n      <a href=\"https:\/\/najlepsezelje.com\/kvalitet-bez-kompromisa\/dobitnici\/\"\n       class=\"link\"              aria-label=\"Dobitnici\">Dobitnici<\/a>\n  \n  \n<\/li>\n<li>\n\n      <a href=\"https:\/\/najlepsezelje.com\/kvalitet-bez-kompromisa\/galerija\/\"\n       class=\"link\"              aria-label=\"Galerija\">Galerija<\/a>\n  \n  \n<\/li>\n<li>\n\n      <a href=\"https:\/\/najlepsezelje.com\/kvalitet-bez-kompromisa\/pravila\/\"\n       class=\"link\"              aria-label=\"Pravila\">Pravila<\/a>\n  \n  \n<\/li>\n<li>\n\n      <a href=\"https:\/\/najlepsezelje.com\/kvalitet-bez-kompromisa\/kontakt\/\"\n       class=\"link\"              aria-label=\"Kontakt\">Kontakt<\/a>\n  \n  \n<\/li>      <\/ul>\n    <\/nav>\n      <button type=\"button\" aria-label=\"Menu\" class=\"hamburger js-menu-trigger\" data-cursor=\"hamburger\">\n  <div class=\"hamburger__inner\">\n    <span class=\"line line--1\"><\/span>\n    <span class=\"line line--2\"><\/span>\n    <span class=\"line line--3\"><\/span>\n  <\/div>\n<\/button>\n  <\/div>\n\n<\/div>\n<div class=\"nav-menu\" style=\"opacity:0;visibility:hidden;\">\n  <div class=\"c\">\n          <nav class=\"\" >\n      <ul>\n        \n<li>\n\n      <a href=\"https:\/\/najlepsezelje.com\/kvalitet-bez-kompromisa\/\"\n       class=\"js-close-menu\"              aria-label=\"U\u010destvuj\">U\u010destvuj<\/a>\n  \n  \n<\/li>\n<li>\n\n      <a href=\"https:\/\/najlepsezelje.com\/kvalitet-bez-kompromisa\/mehanizam\/\"\n       class=\"js-close-menu\"              aria-label=\"Mehanizam\">Mehanizam<\/a>\n  \n  \n<\/li>\n<li>\n\n      <a href=\"https:\/\/najlepsezelje.com\/kvalitet-bez-kompromisa\/dobitnici\/\"\n       class=\"js-close-menu\"              aria-label=\"Dobitnici\">Dobitnici<\/a>\n  \n  \n<\/li>\n<li>\n\n      <a href=\"https:\/\/najlepsezelje.com\/kvalitet-bez-kompromisa\/galerija\/\"\n       class=\"js-close-menu\"              aria-label=\"Galerija\">Galerija<\/a>\n  \n  \n<\/li>\n<li>\n\n      <a href=\"https:\/\/najlepsezelje.com\/kvalitet-bez-kompromisa\/pravila\/\"\n       class=\"js-close-menu\"              aria-label=\"Pravila\">Pravila<\/a>\n  \n  \n<\/li>\n<li>\n\n      <a href=\"https:\/\/najlepsezelje.com\/kvalitet-bez-kompromisa\/kontakt\/\"\n       class=\"js-close-menu\"              aria-label=\"Kontakt\">Kontakt<\/a>\n  \n  \n<\/li>      <\/ul>\n    <\/nav>\n    <\/div>\n<\/div>\n<\/header>\n\n\n<section class=\"activation-form\">\n  <svg class=\"bg\" xmlns=\"http:\/\/www.w3.org\/2000\/svg\" viewBox=\"0 0 1440 213\">\n    <g>\n      <g>\n        <path fill=\"#fff\" d=\"M0 0h1440v213s-375.136-108-720-108S0 213 0 213z\"\/>\n      <\/g>\n    <\/g>\n  <\/svg>\n\n  <div class=\"c\">\n    <div class=\"activation-form__form\">\n        \n<picture class=\"mw left-image\">\n          <source media=\"(max-width: 479px)\" srcset=\"https:\/\/najlepsezelje.com\/kvalitet-bez-kompromisa\/wp-content\/uploads\/sites\/2\/2026\/01\/kockica-480x429.webp\" type=\"image\/webp\">\n      <source media=\"(min-width: 479px)\" srcset=\"https:\/\/najlepsezelje.com\/kvalitet-bez-kompromisa\/wp-content\/uploads\/sites\/2\/2026\/01\/kockica.webp\" type=\"image\/webp\">\n\n          <img loading=\"lazy\" decoding=\"async\" src=\"https:\/\/najlepsezelje.com\/kvalitet-bez-kompromisa\/wp-content\/uploads\/sites\/2\/2026\/01\/kockica.webp\" data-src=\"https:\/\/najlepsezelje.com\/kvalitet-bez-kompromisa\/wp-content\/uploads\/sites\/2\/2026\/01\/kockica.webp\" alt=\"\" width=\"891\" height=\"796\">\n    <\/picture>        <div role=\"form\" class=\"wpcf7\" id=\"wpcf7-f6-o1\" lang=\"en-US\" dir=\"ltr\">\n<div class=\"screen-reader-response\"><p role=\"status\" aria-live=\"polite\" aria-atomic=\"true\"><\/p> <ul><\/ul><\/div>\n<form action=\"\/kvalitet-bez-kompromisa\/wp-json\/wp\/v2\/pages\/27#wpcf7-f6-o1\" method=\"post\" class=\"wpcf7-form init\" enctype=\"multipart\/form-data\" novalidate=\"novalidate\" data-status=\"init\">\n<div style=\"display: none;\">\n<input type=\"hidden\" name=\"_wpcf7\" value=\"6\" \/>\n<input type=\"hidden\" name=\"_wpcf7_version\" value=\"5.5.4\" \/>\n<input type=\"hidden\" name=\"_wpcf7_locale\" value=\"en_US\" \/>\n<input type=\"hidden\" name=\"_wpcf7_unit_tag\" value=\"wpcf7-f6-o1\" \/>\n<input type=\"hidden\" name=\"_wpcf7_container_post\" value=\"0\" \/>\n<input type=\"hidden\" name=\"_wpcf7_posted_data_hash\" value=\"\" \/>\n<\/div>\n<div class=\"form-box\">\n  <label>\n    <span class=\"input-field wpcf7-form-control-wrap applicantname\"><input type=\"text\" name=\"applicantname\" value=\"\" size=\"40\" class=\"wpcf7-form-control wpcf7-text\" aria-required=\"true\" aria-invalid=\"false\" placeholder=\"Ime i prezime\" oninput=\"if(this.value &amp;&amp; this.value !== &quot;&quot;) {this.classList.add(&quot;has-value&quot;)} else {this.classList.remove(&quot;has-value&quot;)}\" \/><\/span><\/span>\n  <\/label>\n  <label>\n    <span class=\"input-field wpcf7-form-control-wrap applicantmail\"><input type=\"email\" name=\"applicantmail\" value=\"\" size=\"40\" class=\"wpcf7-form-control wpcf7-text wpcf7-email wpcf7-validates-as-email\" aria-required=\"true\" aria-invalid=\"false\" placeholder=\"Email\" oninput=\"if(this.value &amp;&amp; this.value !== &quot;&quot;) {this.classList.add(&quot;has-value&quot;)} else {this.classList.remove(&quot;has-value&quot;)}\" \/><\/span><\/span>\n  <\/label>\n  <label>\n<span class=\"input-field wpcf7-form-control-wrap applicantphone\"><input type=\"tel\" name=\"applicantphone\" value=\"\" size=\"40\" class=\"wpcf7-form-control wpcf7-text wpcf7-tel wpcf7-validates-as-tel\" aria-required=\"true\" aria-invalid=\"false\" placeholder=\"Broj telefona\" oninput=\"if(this.value &amp;&amp; this.value !== &quot;&quot;) {this.classList.add(&quot;has-value&quot;)} else {this.classList.remove(&quot;has-value&quot;)}\" \/><\/span><\/span>\n  <\/label>\n  <label>\n    <span class=\"custom-label\">Napi\u0161i, za\u0161to ba\u0161 ti zaslu\u017euje\u0161 ekskluzivnu posetu \u0160TARK fabrici?<\/span>\n    <span class=\"textarea-field wpcf7-form-control-wrap applicantmessage\"><textarea name=\"applicantmessage\" cols=\"40\" rows=\"10\" maxlength=\"300\" class=\"wpcf7-form-control wpcf7-textarea wpcf7-validates-as-required\" aria-required=\"true\" aria-invalid=\"false\" placeholder=\"Typing...\" oninput=\"if(this.value &amp;&amp; this.value !== &quot;&quot;) {this.classList.add(&quot;has-value&quot;)} else {this.classList.remove(&quot;has-value&quot;)}\"><\/textarea><\/span><\/span>\n    <span class=\"note\">max 300 karaktera<\/span>\n  <\/label>\n<\/div>\n\n<div class=\"form-box\">\n  <span class=\"custom-label\">Oka\u010di fotografiju ili video uz tekst i pove\u0107aj svoju \u0161ansu za nagradu<\/span>\n\n<div class=\"attachments-row\">\n  <div class=\"attach-field__btn-wrapper\">\n    <svg class=\"custom-icon\" xmlns=\"http:\/\/www.w3.org\/2000\/svg\" height=\"24px\" viewBox=\"0 0 24 24\" width=\"24px\" fill=\"#000000\">\n      <path d=\"M0 0h24v24H0V0z\" fill=\"none\"\/>\n      <path d=\"M18 20H4V6h9V4H4c-1.1 0-2 .9-2 2v14c0 1.1.9 2 2 2h14c1.1 0 2-.9 2-2v-9h-2v9zm-7.79-3.17l-1.96-2.36L5.5 18h11l-3.54-4.71zM20 4V1h-2v3h-3c.01.01 0 2 0 2h3v2.99c.01.01 2 0 2 0V6h3V4h-3z\"\/>\n    <\/svg>\n\n    <span class=\"upload-field wpcf7-form-control-wrap yourImage\">\n            <input type=\"file\" name=\"yourImage\" size=\"40\" class=\"wpcf7-form-control wpcf7-file file-upload-hidden\" id=\"yourImage\" accept=\".jpg,.png,.jpeg\" aria-invalid=\"false\" \/>\n            <label for=\"yourImage\"><img decoding=\"async\" class=\"icon\" src=\"https:\/\/najlepsezelje.com\/kvalitet-bez-kompromisa\/wp-content\/themes\/nz-aktivacija\/static\/images\/attachment.svg\" alt=\"icon\"><\/label>\n            <span class=\"border\"><\/span>\n            <ul class=\"js-upload-files\"><\/ul>\n            \n        <\/span>\n    <div class=\"btn-label\">\n      <span>Image<\/span>\n    <\/div>\n    <span class=\"attach-label\">max size 1MB, format: jpg,png,jpeg<\/span>\n<div class=\"attach-field__info attach-field__info--file-name js-yourImage-label\">\n                        <span class=\"file-name-text\"><\/span>\n                        <span class=\"remove-file js-remove-yourImage\"><\/span>\n                    <\/div>\n  <\/div>\n\n<div class=\"attach-field__btn-wrapper\"> \n<svg class=\"custom-icon\" xmlns=\"http:\/\/www.w3.org\/2000\/svg\" height=\"24px\" viewBox=\"0 0 24 24\" width=\"24px\" fill=\"#000000\"> <path d=\"M0 0h24v24H0V0z\" fill=\"none\"\/> <path d=\"M18 20H4V6h9V4H4c-1.1 0-2 .9-2 2v14c0 1.1.9 2 2 2h14c1.1 0 2-.9 2-2v-9h-2v9zM20 4V1h-2v3h-3c.01.01 0 2 0 2h3v2.99c.01.01 2 0 2 0V6h3V4h-3z\"\/> <path d=\"M13 15v-2c0-.55-.45-1-1-1H7c-.55 0-1 .45-1 1v4c0 .55.45 1 1 1h5c.55 0 1-.45 1-1v-2l2 2v-5l-2 2z\"\/> <\/svg> \n\n<span class=\"upload-field wpcf7-form-control-wrap yourVideo\">\n            <input type=\"file\" name=\"yourVideo\" size=\"40\" class=\"wpcf7-form-control wpcf7-file file-upload-hidden\" id=\"yourVideo\" accept=\".mp4,.webm\" aria-invalid=\"false\" \/>\n            <label for=\"yourVideo\"><img decoding=\"async\" class=\"icon\" src=\"https:\/\/najlepsezelje.com\/kvalitet-bez-kompromisa\/wp-content\/themes\/nz-aktivacija\/static\/images\/attachment.svg\" alt=\"icon\"><\/label>\n            <span class=\"border\"><\/span>\n            <ul class=\"js-upload-files\"><\/ul>\n            \n        <\/span><div class=\"btn-label\"> \n<span>Video<\/span> \n<\/div> \n<span class=\"attach-label\">max size 10MB, format: mp4, webm<\/span> \n<div class=\"attach-field__info attach-field__info--file-name js-yourVideo-label\">\n                        <span class=\"file-name-text\"><\/span>\n                        <span class=\"remove-file js-remove-yourVideo\"><\/span>\n                    <\/div>\n<\/div>\n\n  \n<\/div>\n\n  <div class=\"form-gdpr\">\n  \n<span class=\"wpcf7-form-control-wrap applicationterms\"><span class=\"wpcf7-form-control wpcf7-checkbox wpcf7-validates-as-required custom-check\"><label class=\"checkbox-field\" for=\"applicationterms-1\"><input type=\"checkbox\" name=\"applicationterms\" value=\"Sla\u017eem se da se moji li\u010dni podaci koriste u skladu sa pravilima konkursa i politikom privatnosti.\" id=\"applicationterms-1\" \/><span class=\"checkbox\"><svg class=\"icon\" viewBox=\"0 0 19 15\">\n  <path fill=\"none\" fill-rule=\"evenodd\" d=\"M1.924 6.245l5.656 5.657 9.9-9.9\"\/>\n<\/svg><\/span><p class=\"wpcf7-list-item-label\">Sla\u017eem se da se moji li\u010dni podaci koriste u skladu sa pravilima konkursa i politikom privatnosti.<\/p><\/label><\/span><\/span>\n<p><a href=\"\/kvalitet-bez-kompromisa\/pravila\/\" target=\"_blank\">Vidi vi\u0161e.<\/a><\/p>\n  <\/div>\n  \n    <button type=\"submit\" class=\"btn\n        btn--solid btn--primary wpcf7-form-control wpcf7-submit \"\n                >\n        <span class=\"btn__text\">\n          <span>PRIJAVI SE<\/span>\n                  <\/span>\n    <\/button>\n\n<\/div><div class=\"wpcf7-response-output\" aria-hidden=\"true\"><\/div><\/form><\/div>        \n<picture class=\"mw right-image\">\n          <source media=\"(min-width: 1024px)\" srcset=\"https:\/\/najlepsezelje.com\/kvalitet-bez-kompromisa\/wp-content\/uploads\/sites\/2\/2026\/01\/coko-1600x996.webp\" type=\"image\/webp\">\n          <source media=\"(min-width: 800px)\" srcset=\"https:\/\/najlepsezelje.com\/kvalitet-bez-kompromisa\/wp-content\/uploads\/sites\/2\/2026\/01\/coko-1024x638.webp\" type=\"image\/webp\">\n          <source media=\"(max-width: 479px)\" srcset=\"https:\/\/najlepsezelje.com\/kvalitet-bez-kompromisa\/wp-content\/uploads\/sites\/2\/2026\/01\/coko-480x299.webp\" type=\"image\/webp\">\n      <source media=\"(min-width: 479px)\" srcset=\"https:\/\/najlepsezelje.com\/kvalitet-bez-kompromisa\/wp-content\/uploads\/sites\/2\/2026\/01\/coko.webp\" type=\"image\/webp\">\n\n          <img loading=\"lazy\" decoding=\"async\" src=\"https:\/\/najlepsezelje.com\/kvalitet-bez-kompromisa\/wp-content\/uploads\/sites\/2\/2026\/01\/coko.webp\" data-src=\"https:\/\/najlepsezelje.com\/kvalitet-bez-kompromisa\/wp-content\/uploads\/sites\/2\/2026\/01\/coko.webp\" alt=\"\" width=\"1802\" height=\"1122\">\n    <\/picture>    <\/div>\n  <\/div>\n<\/section>\n\n<script>\n    document.addEventListener('wpcf7mailsent',(event) => {\n        setTimeout(() => {\n            location = 'https:\/\/najlepsezelje.com\/kvalitet-bez-kompromisa\/thank-you\/';\n        }, 500);\n    }, false);\n<\/script>","protected":false},"excerpt":{"rendered":"","protected":false},"author":1,"featured_media":0,"parent":0,"menu_order":0,"comment_status":"closed","ping_status":"closed","template":"","meta":{"_acf_changed":false,"footnotes":""},"class_list":["post-27","page","type-page","status-publish","hentry"],"acf":[],"yoast_head":"<!-- This site is optimized with the Yoast SEO plugin v26.8 - https:\/\/yoast.com\/product\/yoast-seo-wordpress\/ -->\n<title>Mehanizam - nz-aktivacija<\/title>\n<meta name=\"robots\" content=\"index, follow, max-snippet:-1, max-image-preview:large, max-video-preview:-1\" \/>\n<link rel=\"canonical\" href=\"https:\/\/najlepsezelje.com\/kvalitet-bez-kompromisa\/mehanizam\/\" \/>\n<meta property=\"og:locale\" content=\"en_US\" \/>\n<meta property=\"og:type\" content=\"article\" \/>\n<meta property=\"og:title\" content=\"Mehanizam - nz-aktivacija\" \/>\n<meta property=\"og:url\" content=\"https:\/\/najlepsezelje.com\/kvalitet-bez-kompromisa\/mehanizam\/\" \/>\n<meta property=\"og:site_name\" content=\"nz-aktivacija\" \/>\n<meta property=\"article:modified_time\" content=\"2026-01-22T16:28:25+00:00\" \/>\n<meta name=\"twitter:card\" content=\"summary_large_image\" \/>\n<script type=\"application\/ld+json\" class=\"yoast-schema-graph\">{\"@context\":\"https:\/\/schema.org\",\"@graph\":[{\"@type\":\"WebPage\",\"@id\":\"https:\/\/najlepsezelje.com\/kvalitet-bez-kompromisa\/mehanizam\/\",\"url\":\"https:\/\/najlepsezelje.com\/kvalitet-bez-kompromisa\/mehanizam\/\",\"name\":\"Mehanizam - nz-aktivacija\",\"isPartOf\":{\"@id\":\"https:\/\/najlepsezelje.com\/kvalitet-bez-kompromisa\/#website\"},\"datePublished\":\"2026-01-21T13:32:55+00:00\",\"dateModified\":\"2026-01-22T16:28:25+00:00\",\"breadcrumb\":{\"@id\":\"https:\/\/najlepsezelje.com\/kvalitet-bez-kompromisa\/mehanizam\/#breadcrumb\"},\"inLanguage\":\"en-US\",\"potentialAction\":[{\"@type\":\"ReadAction\",\"target\":[\"https:\/\/najlepsezelje.com\/kvalitet-bez-kompromisa\/mehanizam\/\"]}]},{\"@type\":\"BreadcrumbList\",\"@id\":\"https:\/\/najlepsezelje.com\/kvalitet-bez-kompromisa\/mehanizam\/#breadcrumb\",\"itemListElement\":[{\"@type\":\"ListItem\",\"position\":1,\"name\":\"Home\",\"item\":\"https:\/\/najlepsezelje.com\/kvalitet-bez-kompromisa\/\"},{\"@type\":\"ListItem\",\"position\":2,\"name\":\"Mehanizam\"}]},{\"@type\":\"WebSite\",\"@id\":\"https:\/\/najlepsezelje.com\/kvalitet-bez-kompromisa\/#website\",\"url\":\"https:\/\/najlepsezelje.com\/kvalitet-bez-kompromisa\/\",\"name\":\"nz-aktivacija\",\"description\":\"Osvoji posetu \u0160tark fabrici za dvoje!\",\"potentialAction\":[{\"@type\":\"SearchAction\",\"target\":{\"@type\":\"EntryPoint\",\"urlTemplate\":\"https:\/\/najlepsezelje.com\/kvalitet-bez-kompromisa\/?s={search_term_string}\"},\"query-input\":{\"@type\":\"PropertyValueSpecification\",\"valueRequired\":true,\"valueName\":\"search_term_string\"}}],\"inLanguage\":\"en-US\"}]}<\/script>\n<!-- \/ Yoast SEO plugin. -->","yoast_head_json":{"title":"Mehanizam - nz-aktivacija","robots":{"index":"index","follow":"follow","max-snippet":"max-snippet:-1","max-image-preview":"max-image-preview:large","max-video-preview":"max-video-preview:-1"},"canonical":"https:\/\/najlepsezelje.com\/kvalitet-bez-kompromisa\/mehanizam\/","og_locale":"en_US","og_type":"article","og_title":"Mehanizam - nz-aktivacija","og_url":"https:\/\/najlepsezelje.com\/kvalitet-bez-kompromisa\/mehanizam\/","og_site_name":"nz-aktivacija","article_modified_time":"2026-01-22T16:28:25+00:00","twitter_card":"summary_large_image","schema":{"@context":"https:\/\/schema.org","@graph":[{"@type":"WebPage","@id":"https:\/\/najlepsezelje.com\/kvalitet-bez-kompromisa\/mehanizam\/","url":"https:\/\/najlepsezelje.com\/kvalitet-bez-kompromisa\/mehanizam\/","name":"Mehanizam - nz-aktivacija","isPartOf":{"@id":"https:\/\/najlepsezelje.com\/kvalitet-bez-kompromisa\/#website"},"datePublished":"2026-01-21T13:32:55+00:00","dateModified":"2026-01-22T16:28:25+00:00","breadcrumb":{"@id":"https:\/\/najlepsezelje.com\/kvalitet-bez-kompromisa\/mehanizam\/#breadcrumb"},"inLanguage":"en-US","potentialAction":[{"@type":"ReadAction","target":["https:\/\/najlepsezelje.com\/kvalitet-bez-kompromisa\/mehanizam\/"]}]},{"@type":"BreadcrumbList","@id":"https:\/\/najlepsezelje.com\/kvalitet-bez-kompromisa\/mehanizam\/#breadcrumb","itemListElement":[{"@type":"ListItem","position":1,"name":"Home","item":"https:\/\/najlepsezelje.com\/kvalitet-bez-kompromisa\/"},{"@type":"ListItem","position":2,"name":"Mehanizam"}]},{"@type":"WebSite","@id":"https:\/\/najlepsezelje.com\/kvalitet-bez-kompromisa\/#website","url":"https:\/\/najlepsezelje.com\/kvalitet-bez-kompromisa\/","name":"nz-aktivacija","description":"Osvoji posetu \u0160tark fabrici za dvoje!","potentialAction":[{"@type":"SearchAction","target":{"@type":"EntryPoint","urlTemplate":"https:\/\/najlepsezelje.com\/kvalitet-bez-kompromisa\/?s={search_term_string}"},"query-input":{"@type":"PropertyValueSpecification","valueRequired":true,"valueName":"search_term_string"}}],"inLanguage":"en-US"}]}},"_links":{"self":[{"href":"https:\/\/najlepsezelje.com\/kvalitet-bez-kompromisa\/wp-json\/wp\/v2\/pages\/27","targetHints":{"allow":["GET"]}}],"collection":[{"href":"https:\/\/najlepsezelje.com\/kvalitet-bez-kompromisa\/wp-json\/wp\/v2\/pages"}],"about":[{"href":"https:\/\/najlepsezelje.com\/kvalitet-bez-kompromisa\/wp-json\/wp\/v2\/types\/page"}],"author":[{"embeddable":true,"href":"https:\/\/najlepsezelje.com\/kvalitet-bez-kompromisa\/wp-json\/wp\/v2\/users\/1"}],"replies":[{"embeddable":true,"href":"https:\/\/najlepsezelje.com\/kvalitet-bez-kompromisa\/wp-json\/wp\/v2\/comments?post=27"}],"version-history":[{"count":0,"href":"https:\/\/najlepsezelje.com\/kvalitet-bez-kompromisa\/wp-json\/wp\/v2\/pages\/27\/revisions"}],"wp:attachment":[{"href":"https:\/\/najlepsezelje.com\/kvalitet-bez-kompromisa\/wp-json\/wp\/v2\/media?parent=27"}],"curies":[{"name":"wp","href":"https:\/\/api.w.org\/{rel}","templated":true}]}}